{"id":83272,"date":"2025-06-15T13:14:58","date_gmt":"2025-06-15T11:14:58","guid":{"rendered":"https:\/\/reiterhof-altenhain.de\/?page_id=83272"},"modified":"2025-06-15T13:38:17","modified_gmt":"2025-06-15T11:38:17","slug":"bi-gegen-windkraft","status":"publish","type":"page","link":"https:\/\/reiterhof-altenhain.de\/?page_id=83272","title":{"rendered":"BI gegen Windkraft"},"content":{"rendered":"<p>Information aus dem Amtsblatt Gornau \u2013 02.10.2024<\/p>\n<p><strong>Die B\u00fcrgerinitiative \u201eKeine Windkraft am Spitzberg\u201c informiert<\/strong><\/p>\n<p>Liebe B\u00fcrgerinnen und B\u00fcrger,<\/p>\n<p>wie vielen von Ihnen sicher bekannt ist, sollen im Landschaftsschutzgebiet \u201eAugustusburg-Sternm\u00fchlental\u201c rund um den Spitzberg (Ortsteile Chemnitz\/Altenhain und Dittmannsdorf) drei riesige Windr\u00e4der mit einer H\u00f6he von je 250 Metern errichtet werden. In verschiedenen Arbeitsgruppen und Gespr\u00e4chen wurde sich zu diesem Thema verst\u00e4ndigt. Auch bei einer Petition wurden \u00fcber 1.000 Unterschriften get\u00e4tigt. Unterst\u00fctzung gibt es dazu auch aus dem ebenfalls betroffenen Kleinolbersdorf\/Altenhain.<\/p>\n<p>Es gibt in Gornau bereits vier Windr\u00e4der. Im Gewerbegebiet Gornau produziert eine 1,7-Megawatt-Photovoltaikanlage bereits Strom. Auf einem Feld zwischen Gornau und Dittmannsdorf ist ein weiterer Solarpark mit einer Gr\u00f6\u00dfe von rund 45 Hektar und einer geplanten Leistung von 57 Megawatt geplant. Damit haben wir bereits einen entscheidenden Beitrag zur Energiewende geleistet.<\/p>\n<p>Die B\u00fcrgerinitiative wird weiterhin versuchen, die Natur und die Gesundheit der Menschen unserer Gemeinde zu sch\u00fctzen, da wir beides massiv gef\u00e4hrdet sehen und sich gegen dieses Vorhaben wehren. Dies ist ein massiver Eingriff in unsere Landschaft, in die Natur und es ist verbunden mit hohem Gef\u00e4hrdungspotenzial unserer Gesundheit. Wir werden dazu in einem B\u00fcrgerbriefseparat informieren.<\/p>\n<p>Unterst\u00fctzer k\u00f6nnen sich gern per E-Mail an uns wenden:<\/p>\n<p><a href=\"mailto:bi-spitzberg@web.de\">bi-spitzberg@web.de<\/a><strong>\u00a0 (neue Mailadresse seit Oktober 2024)<\/strong><\/p>\n<p><strong>\u00a0<\/strong><\/p>\n<p>Weiterhin wurde ein Spendenkonto eingerichtet:<\/p>\n<p>DE 91 8705 4000 1596 1151 96\u00a0 (Inhaber: Fritzsch\/Wenzel)<\/p>\n<p>B\u00fcrgerinitiative \u201eKeine Windkraft am Spitzberg\u201c<\/p>\n<p>Wenn Sie unsere Petition auch change.org unterst\u00fctzen m\u00f6chten, nutzen Sie bitte direkt diesen Link:<\/p>\n<p><u>https:\/\/www.change.org\/p\/verhindern-sie-den-bau-von-drei-windkraftanlagen-auf-dem-spitzberg-gornau-chemnitz<\/u><\/p>\n<p>&nbsp;<\/p>\n<h2>Allgemeine Informationen<\/h2>\n<p>Seit 1968 ist das Landschaftsschutzgebiet unter Schutz gestellt.<br \/>\nMit Datum vom 10.11.2010 wurde vom Freiberger Landrat die zurzeit aktuell g\u00fcltige Verordnung erlassen. Danach gibt zahlreiche Verbote, welche sinnvoller Weise zum Schutz des LSG erlassen wurden.<\/p>\n<p>Zur Erhaltung des Gebietscharakters und Realisierung des Schutzzwecks sind insbesondere Verboten:<br \/>\n<strong>Punkt 1: Die Errichtung von Windkraftanlagen..<\/strong>\u00a0 Interessiert in diesem Fall nat\u00fcrlich nicht.<\/p>\n<p>Nun plant die JUWI aus Brandis drei Windenergie-Anlagen der 6-Megawatt-Klasse mit einer Gesamth\u00f6he von rund 250 Metern im LSG. Das entspricht dem aktuellen Stand der Technik, um am Standort m\u00f6glichst viel Strom produzieren zu k\u00f6nnen\u201c, hei\u00dft es dort. Das die Anlagen knapp 100m h\u00f6her als der K\u00f6lner Dom und \u00fcber 30 m h\u00f6her als der Fernsehturm in Stuttgart sind, ist \u201enormal\u201c.<\/p>\n<h4>Welche Gr\u00fcnde sprechen gegen den Bau derartiger Anlagen in der N\u00e4he bewohnter Gebiete?<\/h4>\n<p>&#8211; H\u00f6rbarer Schall<br \/>\n&#8211; Tieffrequenter Schall (einschlie\u00dflich Infraschall)<br \/>\n&#8211; Schattenwurf und Stroboskopeffekt<br \/>\n&#8211; Lichtemissionen durch Hinderniskennzeichnung<br \/>\n&#8211; Eiswurf<br \/>\n&#8211; Indirekte Wirkungen (Bel\u00e4stigung), die durch eine subjektive Bewertung von WEA oder der durch sie verursachten Effekte entstehen<\/p>\n<p>Oben genannten Fragen wurde bereits im Positionspapier 161128 Umweltbundesamt M\u00f6gliche gesundheitliche Effekte von Windenergieanlagen im Jahr 2016 nachgegangen.<\/p>\n<p>Derartige Monsteranlagen sind noch so neu, sodass es keine verwertbaren Messungen und Nachweise unter Betriebsbedingungen gibt.<br \/>\nNeben den oben genannten Problemen f\u00fcr Anwohner ist die Zerst\u00f6rung der Natur, Auswirkungen auf Tier- und Pflanzenwelt bereits durch kleinere Anlagen bekannt. Dazu geh\u00f6ren:<\/p>\n<p>&#8211; Erheblicher Eingriff in die gewachsene Bodenstruktur (z.B Wassereinzugsgebiet Sternm\u00fchlental) und generelle Ver\u00e4nderungen des Grundwassers<br \/>\n&#8211; Umweltbelastung durch gef\u00e4hrliche Carbonfasern durch Erosionssch\u00e4den<br \/>\n&#8211; Landschafts- und Artenschutz werden nachhaltig gef\u00e4hrdet (Fledermausgebiet, Falken und V\u00f6gel allgemein, Waldbewohner)<br \/>\n&#8211; Enorme Risiken bei Anlagenbrand durch PFAS-Chemikalien (selbst der BUND spricht hier von Giften f\u00fcr die Ewigkeit) und Verteilung giftiger Fasern auf viele Quadratkilometer<br \/>\n&#8211; Wirbelschleppen, die je nach Lage kilometerweit Bestand haben<br \/>\n&#8211; Und nicht zuletzt die bisher ungekl\u00e4rte Recyclingfrage..<br \/>\nSelbstverst\u00e4ndlich ist diese Auflistung nicht vollst\u00e4ndig..<\/p>\n<p>Im \u00dcbrigen, im Juli 2019 hat das Welterbekomitee \u00fcber die Aufnahme der Montanregion Erzgebirge\/Kru\u0161noho\u0159\u00ed in die Liste des UNESCO-Welterbes entschieden. Ob dieses Welterbe bestehen bleibt, muss ebenfalls bezweifelt werden.<\/p>\n<p>Einige Links zu den Quellen:<br \/>\n<a href=\"https:\/\/www.bund.net\/themen\/aktuelles\/detail-aktuelles\/news\/umweltgifte-fuer-die-ewigkeit\/\" target=\"_blank\" rel=\"noopener\">https:\/\/www.bund.net\/themen\/aktuelles\/detail-aktuelles\/news\/umweltgifte-fuer-die-ewigkeit\/<\/a><br \/>\n<a href=\"http:\/\/www.ww-vb.de\/pages\/home.php\" target=\"_blank\" rel=\"noopener\">http:\/\/www.ww-vb.de\/pages\/home.php<\/a> (Windwahn Vogelsberg)<br \/>\n<a href=\"https:\/\/www.presseportal.de\/pm\/6561\/2804492\" target=\"_blank\" rel=\"noopener\">https:\/\/www.presseportal.de\/pm\/6561\/2804492<\/a> (NDR Presseportal)<br \/>\n<a href=\"https:\/\/www.umweltbundesamt.de\/themen\/abfall-ressourcen\/produktverantwortung-in-der-abfallwirtschaft\/windenergieanlagen-rueckbau-recycling-repowering\" target=\"_blank\" rel=\"noopener\">https:\/\/www.umweltbundesamt.de\/themen\/abfall-ressourcen\/produktverantwortung-in-der-abfallwirtschaft\/windenergieanlagen-rueckbau-recycling-repowering<\/a><br \/>\n<a href=\"https:\/\/www.windpark-vechigen.ch\/fakten\/\" target=\"_blank\" rel=\"noopener\">https:\/\/www.windpark-vechigen.ch\/fakten\/<\/a><br \/>\n<a href=\"https:\/\/www.tichyseinblick.de\/meinungen\/windkraft-forschung-gefahr-infraschall\/\" target=\"_blank\" rel=\"noopener\">https:\/\/www.tichyseinblick.de\/meinungen\/windkraft-forschung-gefahr-infraschall\/<\/a><br \/>\n<a href=\"https:\/\/tkp.at\/2024\/11\/05\/studie-weist-nach-massive-waldschaeden-durch-windparks\/\" target=\"_blank\" rel=\"noopener\">https:\/\/tkp.at\/2024\/11\/05\/studie-weist-nach-massive-waldschaeden-durch-windparks\/<\/a><br \/>\n<a href=\"https:\/\/www.scirp.org\/pdf\/jbm_2023061214095033.pdf\" target=\"_blank\" rel=\"noopener\">Beeintr\u00e4chtigung des Endothels und St\u00f6rung der Mikrozirkulation bei Menschen und Tieren, die Infraschall ausgesetzt sind, aufgrund unregelm\u00e4\u00dfiger Mechanotransduktion (Pulikation in englisch)<\/a><br \/>\n<a href=\"https:\/\/tkp.at\/2024\/08\/19\/windraeder-in-feldern-super-gau-fuer-bauern-und-nahrungsmittelsicherheit\/\" target=\"_blank\" rel=\"noopener\">https:\/\/tkp.at\/2024\/08\/19\/windraeder-in-feldern-super-gau-fuer-bauern-und-nahrungsmittelsicherheit\/<\/a><br \/>\n<a href=\"https:\/\/www.vernunftkraft.de\/windkraft-in-deutschland-ernuechternde-ergebnisse\/\" target=\"_blank\" rel=\"noopener\">https:\/\/www.vernunftkraft.de\/windkraft-in-deutschland-ernuechternde-ergebnisse\/<\/a><br \/>\n<a href=\"https:\/\/www.vernunftkraft.de\/windkraftlobby-verbittet-sich-die-wahrheit\/\" target=\"_blank\" rel=\"noopener\">https:\/\/www.vernunftkraft.de\/windkraftlobby-verbittet-sich-die-wahrheit\/<\/a><br \/>\n<a href=\"https:\/\/www.vernunftkraft.de\/windkraft-und-fledermaeuse\/\" target=\"_blank\" rel=\"noopener\">https:\/\/www.vernunftkraft.de\/windkraft-und-fledermaeuse\/<\/a><br \/>\n<a href=\"https:\/\/www.weser-kurier.de\/niedersachsen\/fundamente-ausgedienter-windraeder-bleiben-oft-im-boden-stecken-doc7e4ii9l33piq335z1sc\" target=\"_blank\" rel=\"noopener\">https:\/\/www.weser-kurier.de\/niedersachsen\/fundamente-ausgedienter-windraeder-bleiben-oft-im-boden-stecken-doc7e4ii9l33piq335z1sc<\/a><br \/>\n<a href=\"https:\/\/eike-klima-energie.eu\/2019\/04\/18\/teure-hinterlassenschaften-die-rueckbaukosten-von-windraedern\/\" target=\"_blank\" rel=\"noopener\">https:\/\/eike-klima-energie.eu\/2019\/04\/18\/teure-hinterlassenschaften-die-rueckbaukosten-von-windraedern\/<\/a><br \/>\n<a href=\"https:\/\/eike-klima-energie.eu\/2020\/10\/29\/eeg-windraeder-als-oeffentliche-sicherheit-minister-altmaiers-harakiri-ergebnisoffen-betrachtet\/\" target=\"_blank\" rel=\"noopener\">https:\/\/eike-klima-energie.eu\/2020\/10\/29\/eeg-windraeder-als-oeffentliche-sicherheit-minister-altmaiers-harakiri-ergebnisoffen-betrachtet\/<\/a><br \/>\n<a href=\"https:\/\/tkp.at\/2024\/06\/27\/windenergie-verursacht-klimaerwaermung-und-produziert-flatterstrom\/\" target=\"_blank\" rel=\"noopener\">https:\/\/tkp.at\/2024\/06\/27\/windenergie-verursacht-klimaerwaermung-und-produziert-flatterstrom\/<\/a><br \/>\nDie Liste liese sich beliebig erweitern, aber recherchiert selbst..<\/p>\n","protected":false},"excerpt":{"rendered":"<p>Information aus dem Amtsblatt Gornau \u2013 02.10.2024 Die B\u00fcrgerinitiative \u201eKeine Windkraft am Spitzberg\u201c informiert Liebe B\u00fcrgerinnen und B\u00fcrger, wie vielen von Ihnen sicher bekannt ist, sollen im Landschaftsschutzgebiet \u201eAugustusburg-Sternm\u00fchlental\u201c rund um den Spitzberg (Ortsteile Chemnitz\/Altenhain und Dittmannsdorf) drei riesige Windr\u00e4der mit einer H\u00f6he von je 250 Metern errichtet werden. In verschiedenen Arbeitsgruppen und Gespr\u00e4chen wurde &hellip; <a class=\"read-excerpt\" href=\"https:\/\/reiterhof-altenhain.de\/?page_id=83272\">Weiterlesen <span class=\"meta-nav\">&raquo;<\/span><\/a><\/p>\n","protected":false},"author":1,"featured_media":0,"parent":0,"menu_order":6,"comment_status":"closed","ping_status":"closed","template":"","meta":{"footnotes":""},"class_list":["post-83272","page","type-page","status-publish","hentry"],"_links":{"self":[{"href":"https:\/\/reiterhof-altenhain.de\/index.php?rest_route=\/wp\/v2\/pages\/83272","targetHints":{"allow":["GET"]}}],"collection":[{"href":"https:\/\/reiterhof-altenhain.de\/index.php?rest_route=\/wp\/v2\/pages"}],"about":[{"href":"https:\/\/reiterhof-altenhain.de\/index.php?rest_route=\/wp\/v2\/types\/page"}],"author":[{"embeddable":true,"href":"https:\/\/reiterhof-altenhain.de\/index.php?rest_route=\/wp\/v2\/users\/1"}],"replies":[{"embeddable":true,"href":"https:\/\/reiterhof-altenhain.de\/index.php?rest_route=%2Fwp%2Fv2%2Fcomments&post=83272"}],"version-history":[{"count":5,"href":"https:\/\/reiterhof-altenhain.de\/index.php?rest_route=\/wp\/v2\/pages\/83272\/revisions"}],"predecessor-version":[{"id":83278,"href":"https:\/\/reiterhof-altenhain.de\/index.php?rest_route=\/wp\/v2\/pages\/83272\/revisions\/83278"}],"wp:attachment":[{"href":"https:\/\/reiterhof-altenhain.de\/index.php?rest_route=%2Fwp%2Fv2%2Fmedia&parent=83272"}],"curies":[{"name":"wp","href":"https:\/\/api.w.org\/{rel}","templated":true}]}}