{"id":28125,"date":"2020-04-06T09:49:50","date_gmt":"2020-04-06T07:49:50","guid":{"rendered":"https:\/\/reiterhof-altenhain.de\/?page_id=28125"},"modified":"2025-07-17T12:10:15","modified_gmt":"2025-07-17T10:10:15","slug":"willkommen-auf-dem-reiterhof-altenhain","status":"publish","type":"page","link":"https:\/\/reiterhof-altenhain.de\/","title":{"rendered":"Willkommen auf dem Reiterhof Altenhain"},"content":{"rendered":"\r\n<p>Liebe Besucher,<\/p>\r\n\r\n\r\n\r\n<p>s\u00e4mtliche aktuellen Zeiten f\u00fcr reitsportliche Aktivit\u00e4ten, sowie Ansprechpartner und Kontaktm\u00f6glichkeiten werden fortlaufend auf der Webseite des PSV Altenhein e.V. ver\u00f6ffentlicht. Anfragen \u00fcber unsere Webseite sind demnach nicht zielf\u00fchrend, bitte nutzt dazu die Seite <a href=\"https:\/\/psvaltenhain.de\" target=\"_blank\" rel=\"noopener\">psvaltenhain.de<\/a><\/p>\r\n<p>Aus aktuellem und wichtigem Anlass m\u00f6chten wir Euch hier auf unserer Seite ein paar Informationen zum geplanten Windradpark der JUWI in unmittelbarer N\u00e4he unseres Hofes geben. Eigentlich war dazu ein kurzer Beitrag im Gemeindebote (Juni 2025) geplant, welcher leider nicht ver\u00f6ffentlicht wurde.\u00a0<\/p>\r\n<p>Die in Dittmannsdorf gegr\u00fcndete B\u00fcrgerinitiative \u201eKeine Windkraft am Spitzberg\u201c wird auch von uns unterst\u00fctzt. Eine Kurzvorstellung der BI und unsere Gr\u00fcnde f\u00fcr die Unterst\u00fctzung, sowie Presseartikel und verschwiegene Gutachten mit entsprechenden Quellenangaben bzw. Links dazu werden <a href=\"https:\/\/reiterhof-altenhain.de\/?page_id=83272\">hier<\/a> genannt.<\/p>\r\n<p>Heute, am 16.06.2025 wurde das Buch &#8222;Windkraft &#8211; <span class=\"element-text-standard untertitel\">Schadet Umwelt, Menschen, Tieren und Pflanzen wie keine andere Energiequelle&#8220; an unseren Ortsvorsteher Prof. Marco Gerlach zur eigenen Recherche und mit der Bitte an Weitergabe an die Ortsbibliothek zugestellt. Gesponsert wurde das Buch von Dr. Uwe Hofmann und Rainer Meyer. Zu erwerben ist dieses Buch Versankostenfrei u.A. bei <a href=\"https:\/\/www.thalia.de\/shop\/home\/artikeldetails\/A1075384532\" target=\"_blank\" rel=\"noopener\">Thalia<\/a>. <br \/><\/span><\/p>\r\n<p>Ganz aktuell wurde heute am 17.07.2025 ein neuer Bericht zur Gefahr durch Infraschall auf report24 ver\u00f6ffentlicht, welcher <a href=\"https:\/\/report24.news\/windkraft-immer-mehr-hinweise-auf-unsichtbare-gefahr-durch-infraschall\/?feed_id=49649\" target=\"_blank\" rel=\"noopener\">hier<\/a> zu lesen ist.<\/p>\r\n\r\n\r\n\r\n<h3 class=\"wp-block-heading\">\u00a0<\/h3>\r\n","protected":false},"excerpt":{"rendered":"<p>Liebe Besucher, s\u00e4mtliche aktuellen Zeiten f\u00fcr reitsportliche Aktivit\u00e4ten, sowie Ansprechpartner und Kontaktm\u00f6glichkeiten werden fortlaufend auf der Webseite des PSV Altenhein e.V. ver\u00f6ffentlicht. Anfragen \u00fcber unsere Webseite sind demnach nicht zielf\u00fchrend, bitte nutzt dazu die Seite psvaltenhain.de Aus aktuellem und wichtigem Anlass m\u00f6chten wir Euch hier auf unserer Seite ein paar Informationen zum geplanten Windradpark der &hellip; <a class=\"read-excerpt\" href=\"https:\/\/reiterhof-altenhain.de\/\">Weiterlesen <span class=\"meta-nav\">&raquo;<\/span><\/a><\/p>\n","protected":false},"author":1,"featured_media":0,"parent":0,"menu_order":0,"comment_status":"closed","ping_status":"closed","template":"","meta":{"footnotes":""},"class_list":["post-28125","page","type-page","status-publish","hentry"],"_links":{"self":[{"href":"https:\/\/reiterhof-altenhain.de\/index.php?rest_route=\/wp\/v2\/pages\/28125","targetHints":{"allow":["GET"]}}],"collection":[{"href":"https:\/\/reiterhof-altenhain.de\/index.php?rest_route=\/wp\/v2\/pages"}],"about":[{"href":"https:\/\/reiterhof-altenhain.de\/index.php?rest_route=\/wp\/v2\/types\/page"}],"author":[{"embeddable":true,"href":"https:\/\/reiterhof-altenhain.de\/index.php?rest_route=\/wp\/v2\/users\/1"}],"replies":[{"embeddable":true,"href":"https:\/\/reiterhof-altenhain.de\/index.php?rest_route=%2Fwp%2Fv2%2Fcomments&post=28125"}],"version-history":[{"count":10,"href":"https:\/\/reiterhof-altenhain.de\/index.php?rest_route=\/wp\/v2\/pages\/28125\/revisions"}],"predecessor-version":[{"id":84288,"href":"https:\/\/reiterhof-altenhain.de\/index.php?rest_route=\/wp\/v2\/pages\/28125\/revisions\/84288"}],"wp:attachment":[{"href":"https:\/\/reiterhof-altenhain.de\/index.php?rest_route=%2Fwp%2Fv2%2Fmedia&parent=28125"}],"curies":[{"name":"wp","href":"https:\/\/api.w.org\/{rel}","templated":true}]}}