{"id":17,"date":"2017-04-07T12:06:10","date_gmt":"2017-04-07T10:06:10","guid":{"rendered":"http:\/\/wp.reiterhof-altenhain.de\/?page_id=17"},"modified":"2017-04-13T11:34:52","modified_gmt":"2017-04-13T09:34:52","slug":"ueber-mich","status":"publish","type":"page","link":"https:\/\/reiterhof-altenhain.de\/?page_id=17","title":{"rendered":"\u00dcber uns"},"content":{"rendered":"<p>Der Hof, das ehemalige Lehngut Altenhain, war nach dem 2. Weltkrieg bis zur Wende 1989 in Besitz der LPG &#8222;Goldene \u00c4hre&#8220; und wurde dann anschlie\u00dfend vom Agrarunternehmen Kleinolbersdorf-Altenhain \u00fcbernommen und bis 2008 bewirtschaftet. Leider wurden kaum Erhaltungsma\u00dfnahmen an den Geb\u00e4uden durchgef\u00fchrt, sodass sich der Hof am Ende in einem schlechten, bauf\u00e4lligem Zustand befand.<\/p>\n<p>Im Sommer 2008 haben Frank Weikert und Rainer Meyer den Hof vom Agrarunternehmen \u00fcbernommen und in m\u00fchevoller Kleinarbeit die Sanierung begonnen. Gleichzeitig begann der Reitsportverein <a href=\"http:\/\/psvaltenhain.de\" target=\"_blank\">PSV-Altenhain<\/a> den Reitbetrieb wieder zu forcieren, dieser wurde inzwischen von der Reiterhof-Altenhain UG \u00fcbernommen. Die UG versteht sich als Verwaltungs- und Dienstleistungsgesellschaft f\u00fcr den Reitsportbetrieb auf dem Hof.<br \/>\nDerzeit bietet der Hof Unterkunft f\u00fcr \u00fcber 20 Pferde.<\/p>\n","protected":false},"excerpt":{"rendered":"<p>Der Hof, das ehemalige Lehngut Altenhain, war nach dem 2. Weltkrieg bis zur Wende 1989 in Besitz der LPG &#8222;Goldene \u00c4hre&#8220; und wurde dann anschlie\u00dfend vom Agrarunternehmen Kleinolbersdorf-Altenhain \u00fcbernommen und bis 2008 bewirtschaftet. Leider wurden kaum Erhaltungsma\u00dfnahmen an den Geb\u00e4uden durchgef\u00fchrt, sodass sich der Hof am Ende in einem schlechten, bauf\u00e4lligem Zustand befand. Im Sommer &hellip; <a class=\"read-excerpt\" href=\"https:\/\/reiterhof-altenhain.de\/?page_id=17\">Weiterlesen <span class=\"meta-nav\">&raquo;<\/span><\/a><\/p>\n","protected":false},"author":1,"featured_media":14,"parent":0,"menu_order":3,"comment_status":"closed","ping_status":"closed","template":"","meta":{"footnotes":""},"class_list":["post-17","page","type-page","status-publish","has-post-thumbnail","hentry"],"_links":{"self":[{"href":"https:\/\/reiterhof-altenhain.de\/index.php?rest_route=\/wp\/v2\/pages\/17","targetHints":{"allow":["GET"]}}],"collection":[{"href":"https:\/\/reiterhof-altenhain.de\/index.php?rest_route=\/wp\/v2\/pages"}],"about":[{"href":"https:\/\/reiterhof-altenhain.de\/index.php?rest_route=\/wp\/v2\/types\/page"}],"author":[{"embeddable":true,"href":"https:\/\/reiterhof-altenhain.de\/index.php?rest_route=\/wp\/v2\/users\/1"}],"replies":[{"embeddable":true,"href":"https:\/\/reiterhof-altenhain.de\/index.php?rest_route=%2Fwp%2Fv2%2Fcomments&post=17"}],"version-history":[{"count":5,"href":"https:\/\/reiterhof-altenhain.de\/index.php?rest_route=\/wp\/v2\/pages\/17\/revisions"}],"predecessor-version":[{"id":113,"href":"https:\/\/reiterhof-altenhain.de\/index.php?rest_route=\/wp\/v2\/pages\/17\/revisions\/113"}],"wp:featuredmedia":[{"embeddable":true,"href":"https:\/\/reiterhof-altenhain.de\/index.php?rest_route=\/wp\/v2\/media\/14"}],"wp:attachment":[{"href":"https:\/\/reiterhof-altenhain.de\/index.php?rest_route=%2Fwp%2Fv2%2Fmedia&parent=17"}],"curies":[{"name":"wp","href":"https:\/\/api.w.org\/{rel}","templated":true}]}}