{"id":14261,"date":"2018-12-07T12:27:07","date_gmt":"2018-12-07T11:27:07","guid":{"rendered":"https:\/\/reiterhof-altenhain.de\/?page_id=14261"},"modified":"2022-02-20T13:01:24","modified_gmt":"2022-02-20T12:01:24","slug":"datenschutz","status":"publish","type":"page","link":"https:\/\/reiterhof-altenhain.de\/?page_id=14261","title":{"rendered":"Datenschutz"},"content":{"rendered":"\n<p><strong>Datenschutzerkl\u00e4rung<\/strong><\/p>\n\n\n\n<p>Der Schutz Ihrer personenbezogenen Daten bei der Erhebung, Verarbeitung und Nutzung anl\u00e4sslich Ihres Besuches auf unserer Homepage ist uns ein wichtiges Anliegen. Ihre Daten werden im Rahmen der gesetzlichen Vorschriften gesch\u00fctzt.<br> Nachfolgend finden Sie Informationen, welche Daten w\u00e4hrend Ihres Besuchs auf der Homepage und gegebenenfalls zus\u00e4tzlich im Rahmen des Bestellvorganges erfa\u00dft und wie diese genutzt werden:<\/p>\n\n\n\n<p><em><strong>Erhebung und Verarbeitung von Daten<\/strong><\/em><br> Jeder Zugriff auf unsere Homepage und jeder Abruf einer auf der Homepage hinterlegten Datei werden protokolliert. Die Speicherung dient systembezogenen und statistischen Zwecken. Protokolliert werden der Name der abgerufenen Datei, Datum und Uhrzeit des Abrufs, \u00fcbertragene Datenmenge, Meldung \u00fcber erfolgreichen Abruf, Webbrowser und anfragende Domain. Zus\u00e4tzlich werden die IP Adressen der anfragenden Rechner protokolliert. Weitergehende personenbezogene Daten werden nur erfasst, wenn die Angaben von Ihnen freiwillig im Rahmen einer Registrierung, Anfrage oder Bestellung angegeben werden. Zum Zwecke der Auftragsbearbeitung werden Name und Vorname des personenbezogenen Bestellers gespeichert. Bei Nutzung des Newsletters speichern wir lediglich die E-Mailadresse des Empf\u00e4ngers, die unter Umst\u00e4nden ein personenbezogenes Datum sein kann.<\/p>\n\n\n\n<p><em><strong>Nutzung und Weitergabe personenbezogener Daten<\/strong><\/em><br> Soweit Sie uns personenbezogene Daten zur Verf\u00fcgung gestellt haben, verwenden wir diese nur zur Beantwortung Ihrer Anfragen, zur Abwicklung mit Ihnen geschlossener Vertr\u00e4ge, f\u00fcr die technische Administration und zur Pflege der Kundenbeziehung.<br> Eine Weitergabe der personenbezogenen Daten an Dritte erfolgt nicht.  Ausgenommen hiervon sind Dienstleistungspartner, die zur  Bestellabwicklung die \u00dcbermittlung von Daten ben\u00f6tigen wie z. B. das mit  der Lieferung beauftragte Distributionsunternehmen und das mit der  Zahlungsabwicklung beauftragte Kreditinstitut. In diesen F\u00e4llen  beschr\u00e4nkt sich der Umfang der \u00fcbermittelten Daten auf das erforderliche  Minimum. In keinem Fall werden Daten im Sinne einer  Auftragsdatenverarbeitung an einen weisungsgebundenen Auftragnehmer  weitergegeben.<\/p>\n\n\n\n<p><em><strong>Einsatz von Cookies<\/strong><\/em><br> Cookies sind alphanumerische Identifikationszeichen, die wir mittels Ihres Webbrowsers auf die Festplatte Ihres Computers \u00fcbermitteln. Sie erm\u00f6glichen unserem System, Ihren Browser zu erkennen und Ihnen damit erweiterte Leistungsmerkmale unseres Internet Shops zukommen zu lassen. Die Hilfefunktion in der Men\u00fcleiste der meisten Webbrowser erkl\u00e4rt Ihnen, wie Sie Cookies zulassen oder ablehnen k\u00f6nnen. Wir empfehlen Ihnen, die Cookie-Funktion eingeschaltet zu lassen, um alle Leistungsmerkmale unseres Internet Shops uneingeschr\u00e4nkt nutzen zu k\u00f6nnen. Cookies richten auf Ihrem Rechner keinen Schaden an und enthalten keine Viren. Der Aktivierung nicht funktionaler Cookies von Drittanbietern k\u00f6nnen Sie widersprechen, indem Sie dies beim Aufruf der Webseite auf  &#8222;Cookies von Drittanbietern ablehnen&#8220; klicken.   M\u00f6glicherweise werden jedoch dadurch verschiedene Inhalte nicht oder nur teilweise angezeigt.<\/p>\n\n\n\n<p><em><strong>Auskunftsrecht<\/strong><\/em><br> Auf schriftliche Anfrage werden wir Sie jederzeit gern \u00fcber die zu Ihrer Person gespeicherten Daten informieren.<br> L\u00f6schung und Widerruf personenbezogener Daten<br> Die L\u00f6schung der gespeicherten, personenbezogenen Daten erfolgt,  unmittelbar und unentgeltlich, wenn Sie Ihre Einwilligung zur  Speicherung schriftlich widerrufen oder wenn Ihre Speicherung aus  sonstigen gesetzlichen Gr\u00fcnden unzul\u00e4ssig ist.<br> Wir weisen darauf hin, dass Ihnen ein Recht auf L\u00f6schung\/Berichtigung falscher oder personenbezogener Daten zusteht, sollte diesem Anspruch keine gesetzliche Aufbewahrungsfrist entgegenstehen.<br> Rechtsgrundlage sind die zivil- und steuerrechtlichen Vorschriften aus  dem Handelsgesetzbuch, der Abgabenordnung, dem Bundesdatenschutzgesetz  und anderen gesetzlichen Regelungen.<br> Die Dauer der Speicherung personenbezogener Daten, richtet sich nach den gesetzlichen Vorschriften f\u00fcr Aufbewahrungsfristen.<\/p>\n\n\n\n<p><strong>Google Analytics<\/strong><br>\nDiese Website benutzt Google Analytics, einen Webanalysedienst der \nGoogle Inc. (\u201eGoogle\u201c). Google Analytics verwendet so genannte \n\u201eCookies\u201c, Textdateien, die auf Ihrem Computer gespeichert werden und \ndie eine Analyse der Benutzung der Website durch Sie erm\u00f6glichen. Die \ndurch den Cookie erzeugten Informationen \u00fcber Ihre Benutzung dieser \nWebsite (einschlie\u00dflich Ihrer IP-Adresse) wird an einen Server von \nGoogle in den USA \u00fcbertragen und dort gespeichert. Google wird diese \nInformationen benutzen, um Ihre Nutzung der Website auszuwerten, um \nReports \u00fcber die Websiteaktivit\u00e4ten f\u00fcr die Websitebetreiber \nzusammenzustellen und um weitere mit der Websitenutzung und der \nInternetnutzung verbundene Dienstleistungen zu erbringen. Auch wird \nGoogle diese Informationen gegebenenfalls an Dritte \u00fcbertragen, sofern \ndies gesetzlich vorgeschrieben oder soweit Dritte diese Daten im Auftrag\n von Google verarbeiten. Google wird in keinem Fall Ihre IP-Adresse mit \nanderen Daten von Google in Verbindung bringen. Sie k\u00f6nnen die \nInstallation der Cookies durch eine entsprechende Einstellung Ihrer \nBrowser Software verhindern; wir weisen Sie jedoch darauf hin, dass Sie \nin diesem Fall gegebenenfalls nicht s\u00e4mtliche Funktionen dieser Website \nvollumf\u00e4nglich nutzen k\u00f6nnen. Durch die Nutzung dieser Website erkl\u00e4ren \nSie sich mit der Bearbeitung der \u00fcber Sie erhobenen Daten durch Google \nin der zuvor beschriebenen Art und Weise und zu dem zuvor benannten \nZweck einverstanden. Der Datenerhebung und Speicherung kann jederzeit \nmit Wirkung f\u00fcr die Zukunft <a href=\"http:\/\/tools.google.com\/dlpage\/gaoptout?hl=de\" target=\"_blank\" rel=\"noreferrer noopener\">widersprochen<\/a>\n werden. Angesichts der Diskussion um den Einsatz von Analysetools mit \nvollst\u00e4ndigen IP-Adressen m\u00f6chten wir darauf hinweisen, dass diese \nWebsite Google Analytics mit der Erweiterung \u201e_anonymizeIp()\u201c verwendet \nund daher IP-Adressen nur gek\u00fcrzt weiterverarbeitet werden, um eine \ndirekte Personenbeziehbarkeit auszuschlie\u00dfen.<\/p>\n\n\n\n<p><strong>Rechtswirksamkeit dieses&nbsp; Haftungsausschlusses<br>\n<\/strong>Dieser Haftungsausschluss ist&nbsp; als Teil des Internetangebotes \nzu betrachten, von dem aus auf diese Seite verwiesen wurde. Sofern Teile\n oder einzelne Formulierungen dieses Textes der geltenden Rechtslage \nnicht, nicht mehr oder nicht vollst\u00e4ndig entsprechen&nbsp; sollten, bleiben \ndie \u00fcbrigen Teile des Dokumentes in ihrem Inhalt und ihrer G\u00fcltigkeit \ndavon unber\u00fchrt.<\/p>\n\n\n\n<p><strong>Eigener Widerspruch<\/strong><br>\nDer Nutzung von im Rahmen der Impressumspflicht ver\u00f6ffentlichten \nKontaktdaten zur \u00dcbersendung von nicht ausdr\u00fccklich angeforderter \nWerbung und Informationsmaterialien wird hiermit widersprochen. Die \nBetreiber der Seiten behalten sich ausdr\u00fccklich rechtliche Schritte im \nFalle der unverlangten Zusendung von Werbeinformationen, etwa durch \nSpam-E-Mails, vor.<\/p>\n\n\n\n<p>Letzte Aktualisierung: 17.02.2022<\/p>\n","protected":false},"excerpt":{"rendered":"<p>Datenschutzerkl\u00e4rung Der Schutz Ihrer personenbezogenen Daten bei der Erhebung, Verarbeitung und Nutzung anl\u00e4sslich Ihres Besuches auf unserer Homepage ist uns ein wichtiges Anliegen. Ihre Daten werden im Rahmen der gesetzlichen Vorschriften gesch\u00fctzt. Nachfolgend finden Sie Informationen, welche Daten w\u00e4hrend Ihres Besuchs auf der Homepage und gegebenenfalls zus\u00e4tzlich im Rahmen des Bestellvorganges erfa\u00dft und wie diese &hellip; <a class=\"read-excerpt\" href=\"https:\/\/reiterhof-altenhain.de\/?page_id=14261\">Weiterlesen <span class=\"meta-nav\">&raquo;<\/span><\/a><\/p>\n","protected":false},"author":1,"featured_media":0,"parent":0,"menu_order":0,"comment_status":"closed","ping_status":"closed","template":"","meta":{"footnotes":""},"class_list":["post-14261","page","type-page","status-publish","hentry"],"_links":{"self":[{"href":"https:\/\/reiterhof-altenhain.de\/index.php?rest_route=\/wp\/v2\/pages\/14261","targetHints":{"allow":["GET"]}}],"collection":[{"href":"https:\/\/reiterhof-altenhain.de\/index.php?rest_route=\/wp\/v2\/pages"}],"about":[{"href":"https:\/\/reiterhof-altenhain.de\/index.php?rest_route=\/wp\/v2\/types\/page"}],"author":[{"embeddable":true,"href":"https:\/\/reiterhof-altenhain.de\/index.php?rest_route=\/wp\/v2\/users\/1"}],"replies":[{"embeddable":true,"href":"https:\/\/reiterhof-altenhain.de\/index.php?rest_route=%2Fwp%2Fv2%2Fcomments&post=14261"}],"version-history":[{"count":10,"href":"https:\/\/reiterhof-altenhain.de\/index.php?rest_route=\/wp\/v2\/pages\/14261\/revisions"}],"predecessor-version":[{"id":47224,"href":"https:\/\/reiterhof-altenhain.de\/index.php?rest_route=\/wp\/v2\/pages\/14261\/revisions\/47224"}],"wp:attachment":[{"href":"https:\/\/reiterhof-altenhain.de\/index.php?rest_route=%2Fwp%2Fv2%2Fmedia&parent=14261"}],"curies":[{"name":"wp","href":"https:\/\/api.w.org\/{rel}","templated":true}]}}